{"id":3226,"date":"2016-01-03T16:36:59","date_gmt":"2016-01-03T16:36:59","guid":{"rendered":"http:\/\/la-table-hami.fr\/?page_id=3226"},"modified":"2020-06-06T12:06:05","modified_gmt":"2020-06-06T12:06:05","slug":"homepage-table-hami","status":"publish","type":"page","link":"http:\/\/la-table-hami.fr\/","title":{"rendered":"La Table d&rsquo;Hami &#8211; Restaurant cor\u00e9en Paris 5"},"content":{"rendered":"<h1 style=\"text-align: center;\">Bienvenue \u00e0 la Table d&rsquo;Hami<\/h1>\n<h1 style=\"text-align: center;\"><span style=\"color: #ffffff;\">&#8212;\u00a0<\/span><\/h1>\n<p style=\"text-align: justify;\">Hami a le plaisir de vous faire d\u00e9couvrir les saveurs de sa nouvelle cuisine cor\u00e9enne, en son restaurant La Table d\u2019Hami, au 5, rue Daubenton 75005 Paris.<\/p>\n<p><span style=\"color: #ffffff;\">&#8212;<\/span><\/p>\n<div id=\"17776159581098591458\" class=\"photo_wall_wrapper shortcode\" data-columns=\"4\"><div class=\"wall_entry four_cols\"><div class=\"wall_thumbnail dynamic_height gallery_type animated<?php echo $key+1; ?>\"><a rel=\"gallery\" class=\"fancy-gallery\" href=\"http:\/\/la-table-hami.fr\/wp-content\/uploads\/2016\/01\/cv_sss9619-e1454750120705.jpg\" ><img src=\"http:\/\/la-table-hami.fr\/wp-content\/uploads\/2016\/01\/cv_sss9619-e1454750120705.jpg\" alt=\"\"\/><div class=\"thumb_content\"><h4>Hami<\/h4><\/div><\/a><\/div><\/div><div class=\"wall_entry four_cols\"><div class=\"wall_thumbnail dynamic_height gallery_type animated<?php echo $key+1; ?>\"><a rel=\"gallery\" class=\"fancy-gallery\" href=\"http:\/\/la-table-hami.fr\/wp-content\/uploads\/2016\/01\/PSP_6567.jpg\" ><img src=\"http:\/\/la-table-hami.fr\/wp-content\/uploads\/2016\/01\/PSP_6567.jpg\" alt=\"\"\/><div class=\"thumb_content\"><h4>L&rsquo;\u00e9quipe<\/h4><\/div><\/a><\/div><\/div><div class=\"wall_entry four_cols\"><div class=\"wall_thumbnail dynamic_height gallery_type animated<?php echo $key+1; ?>\"><a rel=\"gallery\" class=\"fancy-gallery\" href=\"http:\/\/la-table-hami.fr\/wp-content\/uploads\/2016\/01\/PSP_6431.jpg\" ><img src=\"http:\/\/la-table-hami.fr\/wp-content\/uploads\/2016\/01\/PSP_6431.jpg\" alt=\"\"\/><div class=\"thumb_content\"><h4>La salle<\/h4><\/div><\/a><\/div><\/div><div class=\"wall_entry four_cols\"><div class=\"wall_thumbnail dynamic_height gallery_type animated<?php echo $key+1; ?>\"><a rel=\"gallery\" class=\"fancy-gallery\" href=\"http:\/\/la-table-hami.fr\/wp-content\/uploads\/2016\/01\/PSP_6466.jpg\" ><img src=\"http:\/\/la-table-hami.fr\/wp-content\/uploads\/2016\/01\/PSP_6466.jpg\" alt=\"\"\/><div class=\"thumb_content\"><h4>Au menu &#8230;<\/h4><\/div><\/a><\/div><\/div><div class=\"wall_entry four_cols\"><div class=\"wall_thumbnail dynamic_height gallery_type animated<?php echo $key+1; ?>\"><a rel=\"gallery\" class=\"fancy-gallery\" href=\"http:\/\/la-table-hami.fr\/wp-content\/uploads\/2016\/01\/PSP_6547.jpg\" ><img src=\"http:\/\/la-table-hami.fr\/wp-content\/uploads\/2016\/01\/PSP_6547.jpg\" alt=\"\"\/><div class=\"thumb_content\"><h4>Sauces<\/h4><\/div><\/a><\/div><\/div><div class=\"wall_entry four_cols\"><div class=\"wall_thumbnail dynamic_height gallery_type animated<?php echo $key+1; ?>\"><a rel=\"gallery\" class=\"fancy-gallery\" href=\"http:\/\/la-table-hami.fr\/wp-content\/uploads\/2016\/01\/PSP_6497.jpg\" ><img src=\"http:\/\/la-table-hami.fr\/wp-content\/uploads\/2016\/01\/PSP_6497.jpg\" alt=\"\"\/><div class=\"thumb_content\"><h4>Sauces<\/h4><\/div><\/a><\/div><\/div><div class=\"wall_entry four_cols\"><div class=\"wall_thumbnail dynamic_height gallery_type animated<?php echo $key+1; ?>\"><a rel=\"gallery\" class=\"fancy-gallery\" href=\"http:\/\/la-table-hami.fr\/wp-content\/uploads\/2016\/01\/PSP_6534.jpg\" ><img src=\"http:\/\/la-table-hami.fr\/wp-content\/uploads\/2016\/01\/PSP_6534.jpg\" alt=\"\"\/><div class=\"thumb_content\"><h4>A table<\/h4><\/div><\/a><\/div><\/div><\/div><br class=\"clear\"\/>\n<p>&nbsp;<\/p>\n<h1 style=\"text-align: center;\">Ce qu&rsquo;en disent nos clients<\/h1>\n<h1 style=\"text-align: center;\"><span style=\"color: #ffffff;\">&#8212;\u00a0<\/span><\/h1>\n<div class=\"one_half \">\n<p><a href=\"https:\/\/www.google.fr\/webhp?sourceid=chrome-instant&amp;ion=1&amp;espv=2&amp;ie=UTF-8#q=la%20table%20d%27hami&amp;lrd=0x47e671f1f1caecfb:0x1bff35fc1a7f3998,1,\" target=\"_blank\" rel=\"noopener noreferrer\"><img loading=\"lazy\" class=\"aligncenter wp-image-3463 size-thumbnail\" src=\"http:\/\/la-table-hami.fr\/wp-content\/uploads\/2016\/01\/Capture-d\u2019e\u0301cran-2016-10-03-a\u0300-20.56.21-150x150.png\" alt=\"capture-decran-2016-10-03-a-20-56-21\" width=\"150\" height=\"150\" srcset=\"http:\/\/la-table-hami.fr\/wp-content\/uploads\/2016\/01\/Capture-d\u2019e\u0301cran-2016-10-03-a\u0300-20.56.21-150x150.png 150w, http:\/\/la-table-hami.fr\/wp-content\/uploads\/2016\/01\/Capture-d\u2019e\u0301cran-2016-10-03-a\u0300-20.56.21-109x109.png 109w, http:\/\/la-table-hami.fr\/wp-content\/uploads\/2016\/01\/Capture-d\u2019e\u0301cran-2016-10-03-a\u0300-20.56.21-100x100.png 100w\" sizes=\"(max-width: 150px) 100vw, 150px\" \/><\/a><\/p>\n<\/div>\n<div class=\"one_half last \">\n<p><a href=\"https:\/\/www.tripadvisor.fr\/Restaurant_Review-g187147-d9829800-Reviews-La_Table_d_Hami-Paris_Ile_de_France.html\" target=\"_blank\" rel=\"noopener noreferrer\"><img loading=\"lazy\" class=\"aligncenter wp-image-3538 size-full\" src=\"http:\/\/la-table-hami.fr\/wp-content\/uploads\/2016\/01\/Capture-d\u2019e\u0301cran-2017-05-01-a\u0300-13.57.32.png\" alt=\"\" width=\"308\" height=\"152\" srcset=\"http:\/\/la-table-hami.fr\/wp-content\/uploads\/2016\/01\/Capture-d\u2019e\u0301cran-2017-05-01-a\u0300-13.57.32.png 308w, http:\/\/la-table-hami.fr\/wp-content\/uploads\/2016\/01\/Capture-d\u2019e\u0301cran-2017-05-01-a\u0300-13.57.32-300x148.png 300w\" sizes=\"(max-width: 308px) 100vw, 308px\" \/><\/a><\/p>\n<\/div>\n<p>&nbsp;<\/p>\n<div class=\"one_half \">\n<p><a href=\"https:\/\/www.instagram.com\/p\/BKTWPHjgnnC\/?taken-by=emeliinee\" target=\"_blank\" rel=\"noopener noreferrer\"><img loading=\"lazy\" class=\"aligncenter wp-image-3459\" src=\"http:\/\/la-table-hami.fr\/wp-content\/uploads\/2016\/01\/Capture-d\u2019e\u0301cran-2016-10-03-a\u0300-20.48.18-1-300x222.png\" width=\"550\" height=\"407\" srcset=\"http:\/\/la-table-hami.fr\/wp-content\/uploads\/2016\/01\/Capture-d\u2019e\u0301cran-2016-10-03-a\u0300-20.48.18-1-300x222.png 300w, http:\/\/la-table-hami.fr\/wp-content\/uploads\/2016\/01\/Capture-d\u2019e\u0301cran-2016-10-03-a\u0300-20.48.18-1-768x569.png 768w, http:\/\/la-table-hami.fr\/wp-content\/uploads\/2016\/01\/Capture-d\u2019e\u0301cran-2016-10-03-a\u0300-20.48.18-1-1024x759.png 1024w, http:\/\/la-table-hami.fr\/wp-content\/uploads\/2016\/01\/Capture-d\u2019e\u0301cran-2016-10-03-a\u0300-20.48.18-1-190x140.png 190w, http:\/\/la-table-hami.fr\/wp-content\/uploads\/2016\/01\/Capture-d\u2019e\u0301cran-2016-10-03-a\u0300-20.48.18-1.png 1620w\" sizes=\"(max-width: 550px) 100vw, 550px\" \/><\/a><\/p>\n<\/div>\n<div class=\"one_half last \">\n<p><a href=\"https:\/\/www.instagram.com\/p\/BLBWgDFgmtj\/?taken-by=manuelamiro\" target=\"_blank\" rel=\"noopener noreferrer\"><img loading=\"lazy\" class=\"aligncenter wp-image-3460\" src=\"http:\/\/la-table-hami.fr\/wp-content\/uploads\/2016\/01\/Capture-d\u2019e\u0301cran-2016-10-03-a\u0300-20.52.04-1-300x192.png\" alt=\"capture-decran-2016-10-03-a-20-52-04\" width=\"550\" height=\"351\" srcset=\"http:\/\/la-table-hami.fr\/wp-content\/uploads\/2016\/01\/Capture-d\u2019e\u0301cran-2016-10-03-a\u0300-20.52.04-1-300x192.png 300w, http:\/\/la-table-hami.fr\/wp-content\/uploads\/2016\/01\/Capture-d\u2019e\u0301cran-2016-10-03-a\u0300-20.52.04-1-768x490.png 768w, http:\/\/la-table-hami.fr\/wp-content\/uploads\/2016\/01\/Capture-d\u2019e\u0301cran-2016-10-03-a\u0300-20.52.04-1-1024x654.png 1024w, http:\/\/la-table-hami.fr\/wp-content\/uploads\/2016\/01\/Capture-d\u2019e\u0301cran-2016-10-03-a\u0300-20.52.04-1-490x314.png 490w, http:\/\/la-table-hami.fr\/wp-content\/uploads\/2016\/01\/Capture-d\u2019e\u0301cran-2016-10-03-a\u0300-20.52.04-1.png 1848w\" sizes=\"(max-width: 550px) 100vw, 550px\" \/><\/a><\/p>\n<\/div>\n<p>&nbsp;<\/p>\n<p>&nbsp;<\/p>\n<p style=\"text-align: center;\"><a href=\"http:\/\/claireaumatcha.blogspot.fr\/2017\/04\/test-de-restaurant-parisien-la-table.html?m=1\" target=\"_blank\" rel=\"noopener noreferrer\">Lire le t\u00e9moignage de la blogueuse Claire au Matcha (17\/20)<\/a><\/p>\n<p style=\"text-align: center;\"><a href=\"http:\/\/sortir.telerama.fr\/paris\/lieux\/restos\/la-table-d-hami,30743.php\" target=\"_blank\" rel=\"noopener noreferrer\">Voir l&rsquo;article de T\u00e9l\u00e9rama sur la Table d&rsquo;Hami<\/a><\/p>\n<p>&nbsp;<\/p>\n<h1 style=\"text-align: center;\">Une nouvelle cuisine cor\u00e9enne<\/h1>\n<h1 style=\"text-align: center;\"><span style=\"color: #ffffff;\">&#8212;\u00a0<\/span><\/h1>\n<p style=\"text-align: justify;\">Le restaurant La Table d\u2019Hami est le lieu unique o\u00f9 Hami propose sa nouvelle cuisine cor\u00e9enne, qui rel\u00e8gue au second plan piments et condiments \u00e9pic\u00e9s, pour privil\u00e9gier les saveurs d\u00e9licates des l\u00e9gumes cuisin\u00e9s et des viandes marin\u00e9es.<\/p>\n<p style=\"text-align: justify;\">Outre des formations pratiques dans des restaurants cor\u00e9ens, Hami a suivi en 2014 le cursus de Formation des Personnels de Restauration Cor\u00e9enne \u00e0 l\u2019Etranger, organis\u00e9 par l\u2019Institut de la Cuisine Cor\u00e9enne Traditionnelle au sein de la tr\u00e8s r\u00e9put\u00e9e Ecole Ferrandi de la Gastronomie \u00e0 Paris VI, avec le support de nombreuses organisations professionnelles agro-alimentaires cor\u00e9ennes, ayant d\u00e9tach\u00e9 des professeurs \u00e0 Paris \u00e0 cette occasion.<\/p>\n<p><span style=\"color: #ffffff;\">&#8211;<\/span><\/p>\n<div id=\"17776159582106701662\" class=\"photo_wall_wrapper shortcode\" data-columns=\"4\"><div class=\"wall_entry four_cols\"><div class=\"wall_thumbnail dynamic_height gallery_type animated<?php echo $key+1; ?>\"><a rel=\"gallery\" class=\"fancy-gallery\" href=\"http:\/\/la-table-hami.fr\/wp-content\/uploads\/2014\/07\/PSP_8115.jpg\" ><img src=\"http:\/\/la-table-hami.fr\/wp-content\/uploads\/2014\/07\/PSP_8115.jpg\" alt=\"\"\/><div class=\"thumb_content\"><h4>Mandous<\/h4><\/div><\/a><\/div><\/div><div class=\"wall_entry four_cols\"><div class=\"wall_thumbnail dynamic_height gallery_type animated<?php echo $key+1; ?>\"><a rel=\"gallery\" class=\"fancy-gallery\" href=\"http:\/\/la-table-hami.fr\/wp-content\/uploads\/2014\/07\/PSP_8171_1.jpg\" ><img src=\"http:\/\/la-table-hami.fr\/wp-content\/uploads\/2014\/07\/PSP_8171_1.jpg\" alt=\"\"\/><div class=\"thumb_content\"><h4>Bulgogi de porc<\/h4><\/div><\/a><\/div><\/div><div class=\"wall_entry four_cols\"><div class=\"wall_thumbnail dynamic_height gallery_type animated<?php echo $key+1; ?>\"><a rel=\"gallery\" class=\"fancy-gallery\" href=\"http:\/\/la-table-hami.fr\/wp-content\/uploads\/2014\/07\/PSP_8230_1.jpg\" ><img src=\"http:\/\/la-table-hami.fr\/wp-content\/uploads\/2014\/07\/PSP_8230_1.jpg\" alt=\"\"\/><div class=\"thumb_content\"><h4>Gateau traditionnel<\/h4><\/div><\/a><\/div><\/div><div class=\"wall_entry four_cols\"><div class=\"wall_thumbnail dynamic_height gallery_type animated<?php echo $key+1; ?>\"><a rel=\"gallery\" class=\"fancy-gallery\" href=\"http:\/\/la-table-hami.fr\/wp-content\/uploads\/2016\/01\/poulet-roti-1.jpg\" ><img src=\"http:\/\/la-table-hami.fr\/wp-content\/uploads\/2016\/01\/poulet-roti-1.jpg\" alt=\"\"\/><div class=\"thumb_content\"><h4>Poulet roti \u00e0 la cor\u00e9enne<\/h4><\/div><\/a><\/div><\/div><\/div><br class=\"clear\"\/>\n<p>&nbsp;<\/p>\n<h1 style=\"text-align: center;\">Rendez-nous visite<\/h1>\n<h1 style=\"text-align: center;\"><span style=\"color: #ffffff;\">&#8212;\u00a0<\/span><\/h1>\n<p style=\"text-align: center;\">5, rue Daubenton &#8211; 75005 Paris<\/p>\n<p style=\"text-align: center;\">***<\/p>\n<p style=\"text-align: center;\">De 12h \u00e0 14h30 et de 19h \u00e0 22h du lundi au jeudi.<br \/>\nEt de 12h \u00e0 14h30 et de 19h \u00e0 22h30 les vendredi et samedi.<br \/>\nTerrasse \u00e9ph\u00e9m\u00e8re ouverte d\u00e8s maintenant et pendant l&rsquo;\u00e9t\u00e9.<br \/>\nDe nouveaux plats sont propos\u00e9s \u00e0 emporter ou \u00e0 livrer (via Just Eat)<\/p>\n<p style=\"text-align: center;\">***<\/p>\n<p style=\"text-align: center;\">R\u00e9servez au 01 45 35 04 26<\/p>\n<p style=\"text-align: center;\"><span style=\"color: #ffffff;\">&#8211;<\/span><\/p>\n","protected":false},"excerpt":{"rendered":"<p>Bienvenue \u00e0 la Table d&rsquo;Hami &#8212;\u00a0 Hami a le plaisir de vous faire d\u00e9couvrir les [&hellip;]<\/p>\n","protected":false},"author":1,"featured_media":0,"parent":0,"menu_order":0,"comment_status":"closed","ping_status":"closed","template":"","meta":[],"_links":{"self":[{"href":"http:\/\/la-table-hami.fr\/index.php\/wp-json\/wp\/v2\/pages\/3226"}],"collection":[{"href":"http:\/\/la-table-hami.fr\/index.php\/wp-json\/wp\/v2\/pages"}],"about":[{"href":"http:\/\/la-table-hami.fr\/index.php\/wp-json\/wp\/v2\/types\/page"}],"author":[{"embeddable":true,"href":"http:\/\/la-table-hami.fr\/index.php\/wp-json\/wp\/v2\/users\/1"}],"replies":[{"embeddable":true,"href":"http:\/\/la-table-hami.fr\/index.php\/wp-json\/wp\/v2\/comments?post=3226"}],"version-history":[{"count":61,"href":"http:\/\/la-table-hami.fr\/index.php\/wp-json\/wp\/v2\/pages\/3226\/revisions"}],"predecessor-version":[{"id":3572,"href":"http:\/\/la-table-hami.fr\/index.php\/wp-json\/wp\/v2\/pages\/3226\/revisions\/3572"}],"wp:attachment":[{"href":"http:\/\/la-table-hami.fr\/index.php\/wp-json\/wp\/v2\/media?parent=3226"}],"curies":[{"name":"wp","href":"https:\/\/api.w.org\/{rel}","templated":true}]}}