{"id":3375,"date":"2016-01-24T15:53:18","date_gmt":"2016-01-24T15:53:18","guid":{"rendered":"http:\/\/la-table-hami.fr\/?page_id=3375"},"modified":"2022-07-03T22:19:16","modified_gmt":"2022-07-03T22:19:16","slug":"la-carte","status":"publish","type":"page","link":"http:\/\/la-table-hami.fr\/index.php\/la-carte\/","title":{"rendered":"La carte"},"content":{"rendered":"<h1 style=\"text-align: center;\">Les entr\u00e9es<\/h1>\n<p style=\"text-align: justify;\">Les entr\u00e9es propos\u00e9es \u00e0 la carte sont les mandous (7 raviolis) au porc ou au poulet, un grand chapchae, la cr\u00eape cor\u00e9enne nature ou au chou piment\u00e9 Kimchi, une salade au b\u0153uf marin\u00e9 et une salade au porc l\u00e9g\u00e8rement \u00e9pic\u00e9e.<\/p>\n<p style=\"text-align: center;\"><div id=\"17775261701610857444\" class=\"photo_wall_wrapper shortcode\" data-columns=\"4\"><div class=\"wall_entry four_cols\"><div class=\"wall_thumbnail dynamic_height gallery_type animated<?php echo $key+1; ?>\"><a rel=\"gallery\" class=\"fancy-gallery\" href=\"http:\/\/la-table-hami.fr\/wp-content\/uploads\/2016\/01\/mandous-carte-1.jpg\" ><img src=\"http:\/\/la-table-hami.fr\/wp-content\/uploads\/2016\/01\/mandous-carte-1.jpg\" alt=\"\"\/><div class=\"thumb_content\"><h4>Mandous<\/h4><\/div><\/a><\/div><\/div><div class=\"wall_entry four_cols\"><div class=\"wall_thumbnail dynamic_height gallery_type animated<?php echo $key+1; ?>\"><a rel=\"gallery\" class=\"fancy-gallery\" href=\"http:\/\/la-table-hami.fr\/wp-content\/uploads\/2016\/01\/crepe-coreenne.jpg\" ><img src=\"http:\/\/la-table-hami.fr\/wp-content\/uploads\/2016\/01\/crepe-coreenne.jpg\" alt=\"\"\/><div class=\"thumb_content\"><h4>Cr\u00eape cor\u00e9enne Nokdujeon<\/h4><\/div><\/a><\/div><\/div><div class=\"wall_entry four_cols\"><div class=\"wall_thumbnail dynamic_height gallery_type animated<?php echo $key+1; ?>\"><a rel=\"gallery\" class=\"fancy-gallery\" href=\"http:\/\/la-table-hami.fr\/wp-content\/uploads\/2016\/01\/chapchae-carte.jpg\" ><img src=\"http:\/\/la-table-hami.fr\/wp-content\/uploads\/2016\/01\/chapchae-carte.jpg\" alt=\"\"\/><div class=\"thumb_content\"><h4>Japchae<\/h4><\/div><\/a><\/div><\/div><\/div><br class=\"clear\"\/><\/p>\n<p style=\"text-align: center;\"><a class=\"button small \" style=\"background-color:#76bb2c !important;color:#ffffff !important;border:1px solid #76bb2c !important;\" onclick=\"window.open('http:\/\/la-table-hami.fr\/wp-content\/uploads\/2022\/07\/MENU-la-table-dhami-1.7.20227.pdf', '_blank')\">Consulter la carte<\/a><\/p>\n<h1 style=\"text-align: center;\">\u00a0<hr class=\"normal\"\/><\/h1>\n<h1 style=\"text-align: center;\">Les plats<\/h1>\n<h1 style=\"text-align: center;\"><\/h1>\n<h1 style=\"text-align: center;\"><\/h1>\n<p style=\"text-align: justify;\">La Table d\u2019Hami revisite les classiques de la cuisine cor\u00e9enne, que sont le Bulgogi (barbecue cor\u00e9en) de viande de b\u0153uf et de porc, ou les Sampap souvent \u00e0 base d\u2019algues et qu\u2019Hami pr\u00e9f\u00e8re associer \u00e0 la salade fra\u00eeche. Les plats cor\u00e9ens \u00e0 la mode, Bibimpap et Chapchae, sont pr\u00e9sent\u00e9s dans une version personnelle mise au point par Hami et sa collaboratrice en cuisine, Mme Kang.<\/p>\n<p style=\"text-align: center;\"><div id=\"1777526170567279755\" class=\"photo_wall_wrapper shortcode\" data-columns=\"4\"><div class=\"wall_entry four_cols\"><div class=\"wall_thumbnail dynamic_height gallery_type animated<?php echo $key+1; ?>\"><a rel=\"gallery\" class=\"fancy-gallery\" href=\"http:\/\/la-table-hami.fr\/wp-content\/uploads\/2016\/01\/poulet-roti-1.jpg\" ><img src=\"http:\/\/la-table-hami.fr\/wp-content\/uploads\/2016\/01\/poulet-roti-1.jpg\" alt=\"\"\/><div class=\"thumb_content\"><h4>Poulet roti \u00e0 la cor\u00e9enne<\/h4><\/div><\/a><\/div><\/div><div class=\"wall_entry four_cols\"><div class=\"wall_thumbnail dynamic_height gallery_type animated<?php echo $key+1; ?>\"><a rel=\"gallery\" class=\"fancy-gallery\" href=\"http:\/\/la-table-hami.fr\/wp-content\/uploads\/2016\/01\/sambapp-porc-1.jpg\" ><img src=\"http:\/\/la-table-hami.fr\/wp-content\/uploads\/2016\/01\/sambapp-porc-1.jpg\" alt=\"\"\/><div class=\"thumb_content\"><h4>Ssambap de porc<\/h4><\/div><\/a><\/div><\/div><div class=\"wall_entry four_cols\"><div class=\"wall_thumbnail dynamic_height gallery_type animated<?php echo $key+1; ?>\"><a rel=\"gallery\" class=\"fancy-gallery\" href=\"http:\/\/la-table-hami.fr\/wp-content\/uploads\/2016\/01\/bulgogi-porc.jpg\" ><img src=\"http:\/\/la-table-hami.fr\/wp-content\/uploads\/2016\/01\/bulgogi-porc.jpg\" alt=\"\"\/><div class=\"thumb_content\"><h4>Bulgogi au porc grill\u00e9<\/h4><\/div><\/a><\/div><\/div><div class=\"wall_entry four_cols\"><div class=\"wall_thumbnail dynamic_height gallery_type animated<?php echo $key+1; ?>\"><a rel=\"gallery\" class=\"fancy-gallery\" href=\"http:\/\/la-table-hami.fr\/wp-content\/uploads\/2016\/01\/PSP_8023-1.jpg\" ><img src=\"http:\/\/la-table-hami.fr\/wp-content\/uploads\/2016\/01\/PSP_8023-1.jpg\" alt=\"\"\/><div class=\"thumb_content\"><h4>Bibimbap de poulpes \u00e0 la sauce \u00e9pic\u00e9e<\/h4><\/div><\/a><\/div><\/div><div class=\"wall_entry four_cols\"><div class=\"wall_thumbnail dynamic_height gallery_type animated<?php echo $key+1; ?>\"><a rel=\"gallery\" class=\"fancy-gallery\" href=\"http:\/\/la-table-hami.fr\/wp-content\/uploads\/2016\/01\/bulgogi-boeuf-3.jpg\" ><img src=\"http:\/\/la-table-hami.fr\/wp-content\/uploads\/2016\/01\/bulgogi-boeuf-3.jpg\" alt=\"\"\/><div class=\"thumb_content\"><h4>Bulgogi de b\u0153uf grill\u00e9<\/h4><\/div><\/a><\/div><\/div><div class=\"wall_entry four_cols\"><div class=\"wall_thumbnail dynamic_height gallery_type animated<?php echo $key+1; ?>\"><a rel=\"gallery\" class=\"fancy-gallery\" href=\"http:\/\/la-table-hami.fr\/wp-content\/uploads\/2016\/01\/plat-special-japchae-1.jpg\" ><img src=\"http:\/\/la-table-hami.fr\/wp-content\/uploads\/2016\/01\/plat-special-japchae-1.jpg\" alt=\"\"\/><div class=\"thumb_content\"><h4>Plat sp\u00e9cial &#8211; Japchae<\/h4><\/div><\/a><\/div><\/div><\/div><br class=\"clear\"\/><\/p>\n<p style=\"text-align: center;\"><a class=\"button small \" style=\"background-color:#76bb2c !important;color:#ffffff !important;border:1px solid #76bb2c !important;\" onclick=\"window.open('http:\/\/la-table-hami.fr\/wp-content\/uploads\/2022\/07\/MENU-la-table-dhami-1.7.20227.pdf', '_blank')\">Consulter la carte<\/a><\/p>\n<p style=\"text-align: center;\"><span style=\"line-height: 1.5;\"><hr class=\"normal\"\/><\/span><\/p>\n<h1 style=\"text-align: center;\"><span style=\"line-height: 1.5;\">Les desserts<\/span><\/h1>\n<p style=\"text-align: justify;\">Les desserts propos\u00e9 par Hami sont peu nombreux mais constitue une des grandes surprises de la\u00a0carte du restaurant. Pendant longtemps l\u2019Asie a souffert d\u2019une mauvaise image dans ce domaine. On\u00a0se rappelle les tristes Litchis baignant dans un sirop douteux et industriel.<\/p>\n<p style=\"text-align: justify;\">Cette \u00e9poque est heureusement r\u00e9volue\u00a0Hami propose 3 desserts de sa composition. Le premier est le plus surprenant\u00a0et aussi le plus\u00a0esth\u00e9tique. C\u2019est un dessert traditionnel compos\u00e9 de 5 boules de riz sucr\u00e9, fourr\u00e9es de pate d\u2019haricot\u00a0rouge avec un enrobage au sesame noir, sesame blanc, canelle, soja et th\u00e9 vert. Ce dessert est\u00a0accompagn\u00e9 d\u2019une infusion froide aux baies de Goji, tr\u00e8s r\u00e9put\u00e9es en Asie pour leurs bienfaits et\u00a0\u2026leur amertume, compens\u00e9e par des fruits rouges ajout\u00e9s par Hami.<\/p>\n<p style=\"text-align: justify;\">Les deux autres desserts sont compos\u00e9s de petits bavarois au th\u00e9 vert ou au citron Yuja, accompagn\u00e9\u00a0d\u2019une boule de glace soit au s\u00e9same noir, au citron Yuja, au gingembre ou au th\u00e9 vert\u00a0.<\/p>\n<p style=\"text-align: center;\"><div id=\"1777526170360950154\" class=\"photo_wall_wrapper shortcode\" data-columns=\"4\"><div class=\"wall_entry four_cols\"><div class=\"wall_thumbnail dynamic_height gallery_type animated<?php echo $key+1; ?>\"><a rel=\"gallery\" class=\"fancy-gallery\" href=\"http:\/\/la-table-hami.fr\/wp-content\/uploads\/2016\/01\/gateau-traditionnel.jpg\" ><img src=\"http:\/\/la-table-hami.fr\/wp-content\/uploads\/2016\/01\/gateau-traditionnel.jpg\" alt=\"\"\/><div class=\"thumb_content\"><h4>G\u00e2teau traditionnel au riz et haricot rouge<\/h4><\/div><\/a><\/div><\/div><div class=\"wall_entry four_cols\"><div class=\"wall_thumbnail dynamic_height gallery_type animated<?php echo $key+1; ?>\"><a rel=\"gallery\" class=\"fancy-gallery\" href=\"http:\/\/la-table-hami.fr\/wp-content\/uploads\/2016\/01\/IMG_20151205_153453-2.jpg\" ><img src=\"http:\/\/la-table-hami.fr\/wp-content\/uploads\/2016\/01\/IMG_20151205_153453-2.jpg\" alt=\"\"\/><div class=\"thumb_content\"><h4>G\u00e2teau au th\u00e9 vert<\/h4><\/div><\/a><\/div><\/div><\/div><br class=\"clear\"\/><\/p>\n<p style=\"text-align: center;\"><a class=\"button small \" style=\"background-color:#76bb2c !important;color:#ffffff !important;border:1px solid #76bb2c !important;\" onclick=\"window.open('http:\/\/la-table-hami.fr\/wp-content\/uploads\/2022\/07\/MENU-la-table-dhami-1.7.20227.pdf', '_blank')\">Consulter la carte<\/a><\/p>\n","protected":false},"excerpt":{"rendered":"<p>Les entr\u00e9es Les entr\u00e9es propos\u00e9es \u00e0 la carte sont les mandous (7 raviolis) au porc [&hellip;]<\/p>\n","protected":false},"author":1,"featured_media":0,"parent":0,"menu_order":0,"comment_status":"closed","ping_status":"closed","template":"","meta":[],"_links":{"self":[{"href":"http:\/\/la-table-hami.fr\/index.php\/wp-json\/wp\/v2\/pages\/3375"}],"collection":[{"href":"http:\/\/la-table-hami.fr\/index.php\/wp-json\/wp\/v2\/pages"}],"about":[{"href":"http:\/\/la-table-hami.fr\/index.php\/wp-json\/wp\/v2\/types\/page"}],"author":[{"embeddable":true,"href":"http:\/\/la-table-hami.fr\/index.php\/wp-json\/wp\/v2\/users\/1"}],"replies":[{"embeddable":true,"href":"http:\/\/la-table-hami.fr\/index.php\/wp-json\/wp\/v2\/comments?post=3375"}],"version-history":[{"count":33,"href":"http:\/\/la-table-hami.fr\/index.php\/wp-json\/wp\/v2\/pages\/3375\/revisions"}],"predecessor-version":[{"id":3589,"href":"http:\/\/la-table-hami.fr\/index.php\/wp-json\/wp\/v2\/pages\/3375\/revisions\/3589"}],"wp:attachment":[{"href":"http:\/\/la-table-hami.fr\/index.php\/wp-json\/wp\/v2\/media?parent=3375"}],"curies":[{"name":"wp","href":"https:\/\/api.w.org\/{rel}","templated":true}]}}