{"id":3490,"date":"2017-05-01T11:50:37","date_gmt":"2017-05-01T11:50:37","guid":{"rendered":"http:\/\/la-table-hami.fr\/?page_id=3490"},"modified":"2022-07-03T22:30:53","modified_gmt":"2022-07-03T22:30:53","slug":"dietetique","status":"publish","type":"page","link":"http:\/\/la-table-hami.fr\/index.php\/dietetique\/","title":{"rendered":"Di\u00e9t\u00e9tique"},"content":{"rendered":"<div class=\"one_third\">\n<p><img loading=\"lazy\" class=\"alignnone wp-image-3433\" src=\"http:\/\/la-table-hami.fr\/wp-content\/uploads\/2016\/01\/MG_8975-1024x683.jpg\" alt=\"_MG_8975\" width=\"400\" height=\"267\" srcset=\"http:\/\/la-table-hami.fr\/wp-content\/uploads\/2016\/01\/MG_8975-1024x683.jpg 1024w, http:\/\/la-table-hami.fr\/wp-content\/uploads\/2016\/01\/MG_8975-300x200.jpg 300w, http:\/\/la-table-hami.fr\/wp-content\/uploads\/2016\/01\/MG_8975-768x512.jpg 768w, http:\/\/la-table-hami.fr\/wp-content\/uploads\/2016\/01\/MG_8975.jpg 2048w\" sizes=\"(max-width: 400px) 100vw, 400px\" \/><\/p>\n<p><img loading=\"lazy\" class=\"alignnone wp-image-3366\" src=\"http:\/\/la-table-hami.fr\/wp-content\/uploads\/2016\/01\/sambapp-porc.jpg\" alt=\"\" width=\"400\" height=\"400\" srcset=\"http:\/\/la-table-hami.fr\/wp-content\/uploads\/2016\/01\/sambapp-porc.jpg 1134w, http:\/\/la-table-hami.fr\/wp-content\/uploads\/2016\/01\/sambapp-porc-150x150.jpg 150w, http:\/\/la-table-hami.fr\/wp-content\/uploads\/2016\/01\/sambapp-porc-300x300.jpg 300w, http:\/\/la-table-hami.fr\/wp-content\/uploads\/2016\/01\/sambapp-porc-768x768.jpg 768w, http:\/\/la-table-hami.fr\/wp-content\/uploads\/2016\/01\/sambapp-porc-1024x1024.jpg 1024w, http:\/\/la-table-hami.fr\/wp-content\/uploads\/2016\/01\/sambapp-porc-456x456.jpg 456w, http:\/\/la-table-hami.fr\/wp-content\/uploads\/2016\/01\/sambapp-porc-109x109.jpg 109w, http:\/\/la-table-hami.fr\/wp-content\/uploads\/2016\/01\/sambapp-porc-100x100.jpg 100w\" sizes=\"(max-width: 400px) 100vw, 400px\" \/>\n<\/div>\n<div class=\"two_third last\">\n<p>Vous n\u2019\u00eates plus oblig\u00e9s d\u2019aller \u00e0 Seoul\u00a0: venez tester le r\u00e9gime alimentaire cor\u00e9en au 5, rue Daubenton 75005 Paris\u00a0!<\/p>\n<p>La cuisine cor\u00e9enne a re\u00e7u en 2014 le titre de \u00ab Cuisine exemplaire nutritionnellement \u00e9quilibr\u00e9e \u00bb, d\u00e9cern\u00e9 par l\u2019Organisation Mondiale de la Sant\u00e9. La cuisine cor\u00e9enne est peu calorique. Beaucoup de plats sont pr\u00e9par\u00e9s en mijot\u00e9, en saut\u00e9 ou en grillades avec peu de mati\u00e8res grasses. L\u2019alimentation particuli\u00e8re des Cor\u00e9ennes expliquerait le fait qu\u2019elles ne prennent que tr\u00e8s peu de poids au cours de leur vie adulte.<\/p>\n<p>Les Cor\u00e9ennes sont convaincues que le piment, le radis, l\u2019ail et les patates douces qu\u2019elles consomment tous les jours, contribuent \u00e0 conserver leur fine silhouette, <a href=\"http:\/\/regimea.com\/tout-savoir-sur-la-thermogenese-alimentaire\/\">en raison des vertus thermog\u00e9niques et des fibres qu\u2019ils contiennent<\/a>. Source appr\u00e9ciable de prot\u00e9ines, de huit acides amin\u00e9s et de calcium, sans cholest\u00e9rol, le soja contient beaucoup moins de mati\u00e8res grasses que les produits carn\u00e9s, et apporte \u00e9galement des Om\u00e9ga 3 et 6. Cet aliment est donc utile pour la sant\u00e9 cardiovasculaire et un alli\u00e9 pr\u00e9cieux pour la minceur. (r\u00e9f\u00e9rence : <a href=\"http:\/\/regimea.com\/maigrir-comme-les-coreennes\">http:\/\/regimea.com\/maigrir-comme-les-coreennes<\/a>). Traditionnellement, le lait ne fait pas partie de la cuisine cor\u00e9enne.<\/p>\n<p>Hami utilise ces ingr\u00e9dients reconnus et applique ces r\u00e8gles di\u00e9t\u00e9tiques quotidiennement dans sa cuisine. Elle a \u00e9labor\u00e9 plusieurs Bibimpaps propos\u00e9s \u00e0 la carte et en formule Zen \u00e0 d\u00e9jeuner, en application de ces principes. Le Bibimpap d\u2019Hami a d\u2019ailleurs \u00e9t\u00e9 reconnu par le site expert Dojo comme le meilleur bibimpap de Paris (<a href=\"http:\/\/www.dojoapp.fr\/venue\/la-table-dhami-75005-paris\">http:\/\/www.dojoapp.fr\/venue\/la-table-dhami-75005-paris<\/a>).<\/p>\n<p>Au nom de ces principes et de la vraie culture alimentaire cor\u00e9enne, Hami refuse de c\u00e9der \u00e0 la facilit\u00e9 et, en particulier, de couvrir son bibimpap d\u2019un \u0153uf au plat. Elle consid\u00e8re que l\u2019\u0153uf constitue un cache mis\u00e8re flatteur, qui a d\u2019abord \u00e9t\u00e9 introduit dans les restaurants cor\u00e9ens tr\u00e8s bon march\u00e9 en Californie, et d\u00e9nature compl\u00e8tement l\u2019apport di\u00e9t\u00e9tique du bibimpap.<\/p>\n<\/div>\n<p style=\"text-align: center;\">\n","protected":false},"excerpt":{"rendered":"","protected":false},"author":1,"featured_media":0,"parent":0,"menu_order":0,"comment_status":"closed","ping_status":"closed","template":"","meta":[],"_links":{"self":[{"href":"http:\/\/la-table-hami.fr\/index.php\/wp-json\/wp\/v2\/pages\/3490"}],"collection":[{"href":"http:\/\/la-table-hami.fr\/index.php\/wp-json\/wp\/v2\/pages"}],"about":[{"href":"http:\/\/la-table-hami.fr\/index.php\/wp-json\/wp\/v2\/types\/page"}],"author":[{"embeddable":true,"href":"http:\/\/la-table-hami.fr\/index.php\/wp-json\/wp\/v2\/users\/1"}],"replies":[{"embeddable":true,"href":"http:\/\/la-table-hami.fr\/index.php\/wp-json\/wp\/v2\/comments?post=3490"}],"version-history":[{"count":4,"href":"http:\/\/la-table-hami.fr\/index.php\/wp-json\/wp\/v2\/pages\/3490\/revisions"}],"predecessor-version":[{"id":3591,"href":"http:\/\/la-table-hami.fr\/index.php\/wp-json\/wp\/v2\/pages\/3490\/revisions\/3591"}],"wp:attachment":[{"href":"http:\/\/la-table-hami.fr\/index.php\/wp-json\/wp\/v2\/media?parent=3490"}],"curies":[{"name":"wp","href":"https:\/\/api.w.org\/{rel}","templated":true}]}}